{"id":2284,"date":"2025-04-06T21:08:41","date_gmt":"2025-04-06T18:08:41","guid":{"rendered":"https:\/\/goldcityharicomeski.goldcitytest.com\/?page_id=2284"},"modified":"2025-04-09T12:47:02","modified_gmt":"2025-04-09T09:47:02","slug":"hizli-form","status":"publish","type":"page","link":"https:\/\/goldcityharicomeski.goldcitytest.com\/en\/hizli-form\/","title":{"rendered":"H\u0131zl\u0131 Form"},"content":{"rendered":"<div data-elementor-type=\"wp-page\" data-elementor-id=\"2284\" class=\"elementor elementor-2284\" data-elementor-post-type=\"page\">\n\t\t\t\t<div class=\"elementor-element elementor-element-5b1cca6 e-flex e-con-boxed e-con e-parent\" data-id=\"5b1cca6\" data-element_type=\"container\" data-e-type=\"container\">\n\t\t\t\t\t<div class=\"e-con-inner\">\n\t\t\t\t<div class=\"elementor-element elementor-element-97e34d3 fluent-form-widget-step-header-yes fluent-form-widget-step-progressbar-yes fluentform-widget-submit-button-custom elementor-widget elementor-widget-fluent-form-widget\" data-id=\"97e34d3\" data-element_type=\"widget\" data-e-type=\"widget\" data-widget_type=\"fluent-form-widget.default\">\n\t\t\t\t<div class=\"elementor-widget-container\">\n\t\t\t\t\t\n            <div class=\"fluentform-widget-wrapper fluentform-widget-custom-radio-checkbox fluentform-widget-align-default\">\n\n            \n            <div class='fluentform ff-default fluentform_wrapper_32 ffs_default_wrap'><form data-form_id=\"32\" id=\"fluentform_32\" class=\"frm-fluent-form fluent_form_32 ff-el-form-top ff_form_instance_32_1 ff-form-loading ff-form-has-steps ffs_default\" data-form_instance=\"ff_form_instance_32_1\" method=\"POST\" action=\"\" ><fieldset  style=\"border: none!important;margin: 0!important;padding: 0!important;background-color: transparent!important;box-shadow: none!important;outline: none!important; min-inline-size: 100%;\">\n                    <legend class=\"ff_screen_reader_title\" style=\"display: block; margin: 0!important;padding: 0!important;height: 0!important;text-indent: -999999px;width: 0!important;overflow:hidden;\">YEN\u0130 FORM YNS<\/legend><input type='hidden' name='__fluent_form_embded_post_id' value='2284' \/><input type=\"hidden\" id=\"_fluentform_32_fluentformnonce\" name=\"_fluentform_32_fluentformnonce\" value=\"30f68e56c9\" \/><input type=\"hidden\" name=\"_wp_http_referer\" value=\"\/en\/wp-json\/wp\/v2\/pages\/2284\" \/><div class='ff-step-container' data-name=\"step_start-32_10\" data-disable_auto_focus=\"no\" data-enable_auto_slider=\"yes\" data-enable_step_data_persistency=\"yes\" data-enable_step_page_resume=\"yes\" data-animation_type=\"slide\" ><div class='ff-step-header'><ul class='ff-step-titles'><li class='ff_active'><span>Sa\u00e7 D\u00f6k\u00fclmesini Nas\u0131l Tan\u0131mlars\u0131n\u0131z?<\/span><\/li><li><span>Daha \u00f6nce sa\u00e7 ektirdiniz mi?<\/span><\/li><li><span>Kulland\u0131\u011f\u0131n\u0131z ila\u00e7 ve hastal\u0131\u011f\u0131n\u0131z var m\u0131?<\/span><\/li><li><span>Daha \u00f6nce sa\u00e7 ektirdiniz mi?<\/span><\/li><li><span>Son A\u015fama<\/span><\/li><\/ul><\/div><span class='ff_step_start'><\/span><div class='ff-step-body'><div class=\"fluentform-step active\" data-name=\"step_start-32_10\" data-disable_auto_focus=\"no\" data-enable_auto_slider=\"yes\" data-enable_step_data_persistency=\"yes\" data-enable_step_page_resume=\"yes\" data-animation_type=\"slide\" ><div class='ff-el-group  ff-custom_html' tabindex='-1' data-name=\"custom_html-32_1\" ><h2 style=\"text-align: center\">Sa\u00e7 d\u00f6k\u00fclmenizi nas\u0131l tan\u0131mlars\u0131n\u0131z?<\/h2><\/div><div class='ff-el-group  ff_list_buttons'><div class='ff-el-input--content'><div class=\"ff_el_checkable_photo_holders\"><div class='ff-el-form-check ff-el-form-check- ff-el-image-holder'><label style='background-image: url(https:\/\/goldcityharicomeski.goldcitytest.com\/wp-content\/uploads\/2025\/04\/geheimratsecken.svg)' class='ff-el-image-input-src' for='input_radio_50037f0cc6a6d640695622a97664fb21' aria-label='1'><\/label><label class='ff-el-form-check-label' for='input_radio_50037f0cc6a6d640695622a97664fb21'><input  type=\"radio\" name=\"input_radio\" data-name=\"input_radio\" class=\"ff-el-form-check-input ff-el-form-check-radio\" value=\"1\"  id='input_radio_50037f0cc6a6d640695622a97664fb21' aria-label='1' aria-invalid='false' aria-required=\"true\"> <span>1<\/span><\/label><\/div><div class='ff-el-form-check ff-el-form-check- ff-el-image-holder'><label style='background-image: url(https:\/\/goldcityharicomeski.goldcitytest.com\/wp-content\/uploads\/2025\/04\/tonsur.svg)' class='ff-el-image-input-src' for='input_radio_a748aa5bdc31eaff647306d579909c48' aria-label='2'><\/label><label class='ff-el-form-check-label' for='input_radio_a748aa5bdc31eaff647306d579909c48'><input  type=\"radio\" name=\"input_radio\" data-name=\"input_radio\" class=\"ff-el-form-check-input ff-el-form-check-radio\" value=\"2\"  id='input_radio_a748aa5bdc31eaff647306d579909c48' aria-label='2' aria-invalid='false' aria-required=\"true\"> <span>2<\/span><\/label><\/div><div class='ff-el-form-check ff-el-form-check- ff-el-image-holder'><label style='background-image: url(https:\/\/goldcityharicomeski.goldcitytest.com\/wp-content\/uploads\/2025\/04\/oberkopf.svg)' class='ff-el-image-input-src' for='input_radio_e5d1a994b54c08fe02e442c98986aa73' aria-label='3'><\/label><label class='ff-el-form-check-label' for='input_radio_e5d1a994b54c08fe02e442c98986aa73'><input  type=\"radio\" name=\"input_radio\" data-name=\"input_radio\" class=\"ff-el-form-check-input ff-el-form-check-radio\" value=\"3\"  id='input_radio_e5d1a994b54c08fe02e442c98986aa73' aria-label='3' aria-invalid='false' aria-required=\"true\"> <span>3<\/span><\/label><\/div><div class='ff-el-form-check ff-el-form-check- ff-el-image-holder'><label style='background-image: url(https:\/\/goldcityharicomeski.goldcitytest.com\/wp-content\/uploads\/2025\/04\/undichtes-haar.svg)' class='ff-el-image-input-src' for='input_radio_f4a1fc6acd876c84bd252977b992cd36' aria-label='4'><\/label><label class='ff-el-form-check-label' for='input_radio_f4a1fc6acd876c84bd252977b992cd36'><input  type=\"radio\" name=\"input_radio\" data-name=\"input_radio\" class=\"ff-el-form-check-input ff-el-form-check-radio\" value=\"4\"  id='input_radio_f4a1fc6acd876c84bd252977b992cd36' aria-label='4' aria-invalid='false' aria-required=\"true\"> <span>4<\/span><\/label><\/div><div class='ff-el-form-check ff-el-form-check- ff-el-image-holder'><label style='background-image: url(https:\/\/goldcityharicomeski.goldcitytest.com\/wp-content\/uploads\/2025\/04\/bart.svg)' class='ff-el-image-input-src' for='input_radio_7c4b68ccaa13e90bdbf7b1e955622c7e' aria-label='Sakal Ekimi'><\/label><label class='ff-el-form-check-label' for='input_radio_7c4b68ccaa13e90bdbf7b1e955622c7e'><input  type=\"radio\" name=\"input_radio\" data-name=\"input_radio\" class=\"ff-el-form-check-input ff-el-form-check-radio\" value=\"Sakal Ekimi\"  id='input_radio_7c4b68ccaa13e90bdbf7b1e955622c7e' aria-label='Sakal Ekimi' aria-invalid='false' aria-required=\"true\"> <span>Sakal Ekimi<\/span><\/label><\/div><\/div><\/div><\/div><div class='step-nav ff_step_nav_last'><button  type='button' data-action='prev' class='ff-btn ff-btn-prev ff-btn-secondary'>Geri<\/button><button  type='button' data-action='next' class='ff-float-right ff-btn ff-btn-next ff-btn-secondary'>\u0130leri<\/button><\/div><\/div><div class=\"fluentform-step\" data-name=\"form_step-32_2\" ><div class='ff-el-group  ff-custom_html' tabindex='-1' data-name=\"custom_html-32_3\" ><h2 style=\"text-align: center\">Daha \u00f6nce sa\u00e7 ektirdiniz mi?<\/h2><\/div><div class='ff-el-group  ff_list_buttons'><div class='ff-el-input--content'><div class=\"ff_el_checkable_photo_holders\"><div class='ff-el-form-check ff-el-form-check- ff-el-image-holder'><label style='background-image: url(https:\/\/goldcityharicomeski.goldcitytest.com\/wp-content\/uploads\/2025\/04\/man.svg)' class='ff-el-image-input-src' for='input_radio_1_34302918c918344baeb3d28275b6ffa3' aria-label='Evet'><\/label><label class='ff-el-form-check-label' for='input_radio_1_34302918c918344baeb3d28275b6ffa3'><input  type=\"radio\" name=\"input_radio_1\" data-name=\"input_radio_1\" class=\"ff-el-form-check-input ff-el-form-check-radio\" value=\"Evet\"  id='input_radio_1_34302918c918344baeb3d28275b6ffa3' aria-label='Evet' aria-invalid='false' aria-required=\"true\"> <span>Evet<\/span><\/label><\/div><div class='ff-el-form-check ff-el-form-check- ff-el-image-holder'><label style='background-image: url(https:\/\/goldcityharicomeski.goldcitytest.com\/wp-content\/uploads\/2025\/04\/oberkopf.svg)' class='ff-el-image-input-src' for='input_radio_1_cb087f43a0a172665829ec7405bb4ad5' aria-label='Hay\u0131r'><\/label><label class='ff-el-form-check-label' for='input_radio_1_cb087f43a0a172665829ec7405bb4ad5'><input  type=\"radio\" name=\"input_radio_1\" data-name=\"input_radio_1\" class=\"ff-el-form-check-input ff-el-form-check-radio\" value=\"Hay\u0131r\"  id='input_radio_1_cb087f43a0a172665829ec7405bb4ad5' aria-label='Hay\u0131r' aria-invalid='false' aria-required=\"true\"> <span>Hay\u0131r<\/span><\/label><\/div><\/div><\/div><\/div><div class='step-nav ff_step_nav_last'><button  type='button' data-action='prev' class='ff-btn ff-btn-prev ff-btn-secondary'>Geri<\/button><button  type='button' data-action='next' class='ff-float-right ff-btn ff-btn-next ff-btn-secondary'>\u0130leri<\/button><\/div><\/div><div class=\"fluentform-step\" data-name=\"form_step-32_4\" ><div class='ff-el-group  ff-custom_html' tabindex='-1' data-name=\"custom_html-32_5\" ><h2 style=\"text-align: center\">Kulland\u0131\u011f\u0131n\u0131z ila\u00e7 ve hastal\u0131\u011f\u0131n\u0131z var m\u0131?<\/h2><\/div><div class='ff-el-group'><div class='ff-el-input--content'><textarea aria-required=\"false\" aria-labelledby=\"label_ff_32_description\" name=\"description\" id=\"ff_32_description\" class=\"ff-el-form-control\" placeholder=\"Kulland\u0131\u011f\u0131n\u0131z ila\u00e7 ve hastal\u0131\u011f\u0131n\u0131z var m\u0131?\" rows=\"2\" cols=\"2\" data-name=\"description\" ><\/textarea><\/div><\/div><div class='ff-el-group'><div class='ff-el-input--content'><textarea aria-required=\"false\" aria-labelledby=\"label_ff_32_description_1\" name=\"description_1\" id=\"ff_32_description_1\" class=\"ff-el-form-control\" placeholder=\"Kronik Hastal\u0131klar\" rows=\"2\" cols=\"2\" data-name=\"description_1\" ><\/textarea><\/div><\/div><div class='step-nav ff_step_nav_last'><button  type='button' data-action='prev' class='ff-btn ff-btn-prev ff-btn-secondary'>Geri<\/button><button  type='button' data-action='next' class='ff-float-right ff-btn ff-btn-next ff-btn-secondary'>\u0130leri<\/button><\/div><\/div><div class=\"fluentform-step\" data-name=\"form_step-32_6\" ><div class='ff-el-group  ff-custom_html' tabindex='-1' data-name=\"custom_html-32_7\" ><h2 style=\"text-align: center\">Daha \u00f6nce sa\u00e7 ektirdiniz mi?<\/h2><\/div><div class='ff-el-group  ff_list_buttons'><div class='ff-el-input--content'><div class=\"ff_el_checkable_photo_holders\"><div class='ff-el-form-check ff-el-form-check- ff-el-image-holder'><label style='background-image: url(https:\/\/goldcityharicomeski.goldcitytest.com\/wp-content\/uploads\/2025\/04\/schnell.svg)' class='ff-el-image-input-src' for='input_radio_2_3968e7916573e111709c00659376a9f3' aria-label='En K\u0131sa S\u00fcrede'><\/label><label class='ff-el-form-check-label' for='input_radio_2_3968e7916573e111709c00659376a9f3'><input  type=\"radio\" name=\"input_radio_2\" data-name=\"input_radio_2\" class=\"ff-el-form-check-input ff-el-form-check-radio\" value=\"En K\u0131sa S\u00fcrede\"  id='input_radio_2_3968e7916573e111709c00659376a9f3' aria-label='En K\u0131sa S\u00fcrede' aria-invalid='false' aria-required=\"true\"> <span>En K\u0131sa S\u00fcrede<\/span><\/label><\/div><div class='ff-el-form-check ff-el-form-check- ff-el-image-holder'><label style='background-image: url(https:\/\/goldcityharicomeski.goldcitytest.com\/wp-content\/uploads\/2025\/04\/3monate.svg)' class='ff-el-image-input-src' for='input_radio_2_553bc3ca42ceaa18435241f654c74e43' aria-label='3 Ay \u0130\u00e7inde'><\/label><label class='ff-el-form-check-label' for='input_radio_2_553bc3ca42ceaa18435241f654c74e43'><input  type=\"radio\" name=\"input_radio_2\" data-name=\"input_radio_2\" class=\"ff-el-form-check-input ff-el-form-check-radio\" value=\"3 Ay \u0130\u00e7inde\"  id='input_radio_2_553bc3ca42ceaa18435241f654c74e43' aria-label='3 Ay \u0130\u00e7inde' aria-invalid='false' aria-required=\"true\"> <span>3 Ay \u0130\u00e7inde<\/span><\/label><\/div><div class='ff-el-form-check ff-el-form-check- ff-el-image-holder'><label style='background-image: url(https:\/\/goldcityharicomeski.goldcitytest.com\/wp-content\/uploads\/2025\/04\/12monate.svg)' class='ff-el-image-input-src' for='input_radio_2_9e4a1be2e586f977347bff5ce2f1fde9' aria-label='1 Y\u0131l \u0130\u00e7inde'><\/label><label class='ff-el-form-check-label' for='input_radio_2_9e4a1be2e586f977347bff5ce2f1fde9'><input  type=\"radio\" name=\"input_radio_2\" data-name=\"input_radio_2\" class=\"ff-el-form-check-input ff-el-form-check-radio\" value=\"1 Y\u0131l \u0130\u00e7inde\"  id='input_radio_2_9e4a1be2e586f977347bff5ce2f1fde9' aria-label='1 Y\u0131l \u0130\u00e7inde' aria-invalid='false' aria-required=\"true\"> <span>1 Y\u0131l \u0130\u00e7inde<\/span><\/label><\/div><div class='ff-el-form-check ff-el-form-check- ff-el-image-holder'><label style='background-image: url(https:\/\/goldcityharicomeski.goldcitytest.com\/wp-content\/uploads\/2025\/04\/info.svg)' class='ff-el-image-input-src' for='input_radio_2_c96237b779628575413c69003b695a42' aria-label='Hen\u00fcz Karar Vermedim'><\/label><label class='ff-el-form-check-label' for='input_radio_2_c96237b779628575413c69003b695a42'><input  type=\"radio\" name=\"input_radio_2\" data-name=\"input_radio_2\" class=\"ff-el-form-check-input ff-el-form-check-radio\" value=\"Hen\u00fcz Karar Vermedim\"  id='input_radio_2_c96237b779628575413c69003b695a42' aria-label='Hen\u00fcz Karar Vermedim' aria-invalid='false' aria-required=\"true\"> <span>Hen\u00fcz Karar Vermedim<\/span><\/label><\/div><\/div><\/div><\/div><div class='step-nav ff_step_nav_last'><button  type='button' data-action='prev' class='ff-btn ff-btn-prev ff-btn-secondary'>Geri<\/button><button  type='button' data-action='next' class='ff-float-right ff-btn ff-btn-next ff-btn-secondary'>\u0130leri<\/button><\/div><\/div><div class=\"fluentform-step\" data-name=\"form_step-32_8\" ><div class='ff-el-group  ff-custom_html' tabindex='-1' data-name=\"custom_html-32_9\" ><h2 style=\"text-align: center\">Son A\u015fama<\/h2><\/div><div data-type=\"name-element\" data-name=\"names\" class=\"ff-field_container ff-name-field-wrapper\" ><div class='ff-t-container'><div class='ff-t-cell'><div class='ff-el-group ff-el-form-top'><div class='ff-el-input--content'><input type=\"text\" name=\"names[first_name]\" id=\"ff_32_names_first_name_\" class=\"ff-el-form-control\" placeholder=\"Ad Soyad*\" aria-invalid=\"false\" aria-required=\"true\"><\/div><\/div><\/div><\/div><\/div><div class='ff-el-group'><div class='ff-el-input--content'><input type=\"email\" name=\"email\" id=\"ff_32_email\" class=\"ff-el-form-control\" placeholder=\"E-Mail*\" data-name=\"email\"  aria-invalid=\"false\" aria-required=\"true\"><\/div><\/div><div class='ff-el-group'><div class='ff-el-input--content'><input name=\"phone\" class=\"ff-el-form-control ff-el-phone ff_el_with_extended_validation\" type=\"tel\" placeholder=\"Telefon*\" data-name=\"phone\" id=\"ff_32_phone\" inputmode=\"tel\"  aria-invalid='false' aria-required=\"true\"><\/div><\/div>        <div class=\"ff-step-t-container ff-inner_submit_container ff-column-container ff_columns_total_2\">\n            <div class=\"ff-t-cell ff-t-column-1\"><div class='step-nav ff_step_nav_last'><button  type='button' data-action='prev' class='ff-btn ff-btn-prev ff-btn-secondary'>Geri<\/button><\/div><\/div>\n            <div class=\"ff-t-cell ff-t-column-2\">\n                <div class='ff-el-group ff-text-left ff_submit_btn_wrapper'><button type=\"submit\" class=\"ff-btn ff-btn-submit ff-btn-md ff_btn_style\"  aria-label=\"Submit Form\">Submit Form<\/button><\/div>            <\/div>\n        <\/div>\n        <\/div><\/div><\/div>\n        <\/fieldset><input type=\"hidden\" name=\"trp-form-language\" value=\"en\"\/><\/form><div id='fluentform_32_errors' class='ff-errors-in-stack ff_form_instance_32_1 ff-form-loading_errors ff_form_instance_32_1_errors'><\/div><\/div>            <script type=\"text\/javascript\">\n                window.fluent_form_ff_form_instance_32_1 = {\"id\":\"32\",\"ajaxUrl\":\"https:\\\/\\\/goldcityharicomeski.goldcitytest.com\\\/wp-admin\\\/admin-ajax.php\",\"settings\":{\"layout\":{\"labelPlacement\":\"top\",\"asteriskPlacement\":\"asterisk-right\",\"helpMessagePlacement\":\"with_label\",\"errorMessagePlacement\":\"inline\",\"cssClassName\":\"\"},\"restrictions\":{\"denyEmptySubmission\":{\"enabled\":false}}},\"form_instance\":\"ff_form_instance_32_1\",\"form_id_selector\":\"fluentform_32\",\"rules\":{\"input_radio\":{\"required\":{\"value\":true,\"message\":\"Bu alan zorunludur\",\"global_message\":\"This field is required\",\"global\":false}},\"input_radio_1\":{\"required\":{\"value\":true,\"message\":\"Bu alan zorunludur\",\"global_message\":\"This field is required\",\"global\":false}},\"description\":{\"required\":{\"value\":false,\"message\":\"This field is required\",\"global_message\":\"This field is required\",\"global\":false}},\"description_1\":{\"required\":{\"value\":false,\"message\":\"This field is required\",\"global_message\":\"This field is required\",\"global\":true}},\"input_radio_2\":{\"required\":{\"value\":true,\"message\":\"This field is required\",\"global_message\":\"This field is required\",\"global\":true}},\"names[first_name]\":{\"required\":{\"value\":true,\"message\":\"Bu alan zorunludur\",\"global_message\":\"This field is required\",\"global\":false}},\"names[middle_name]\":{\"required\":{\"value\":false,\"message\":\"This field is required\",\"global_message\":\"This field is required\",\"global\":true}},\"names[last_name]\":{\"required\":{\"value\":false,\"message\":\"This field is required\",\"global_message\":\"This field is required\",\"global\":true}},\"email\":{\"required\":{\"value\":true,\"message\":\"Bu alan zorunludur\",\"global_message\":\"This field is required\",\"global\":false},\"email\":{\"value\":true,\"message\":\"This field must contain a valid email\",\"global_message\":\"This field must contain a valid email\",\"global\":true}},\"phone\":{\"required\":{\"value\":true,\"global\":false,\"message\":\"Bu alan zorunludur\",\"global_message\":\"This field is required\"},\"valid_phone_number\":{\"value\":true,\"global\":false,\"message\":\"Telefon numaras\\u0131 ge\\u00e7erli de\\u011fil\",\"global_message\":\"Phone number is not valid\"}}},\"debounce_time\":300};\n                            <\/script>\n                        <\/div>\n\n            \t\t\t\t<\/div>\n\t\t\t\t<\/div>\n\t\t\t\t\t<\/div>\n\t\t\t\t<\/div>\n\t\t\t\t<\/div>","protected":false},"excerpt":{"rendered":"<p>YEN\u0130 FORM YNS Sa\u00e7 D\u00f6k\u00fclmesini Nas\u0131l Tan\u0131mlars\u0131n\u0131z? Daha \u00f6nce sa\u00e7 ektirdiniz mi? Kulland\u0131\u011f\u0131n\u0131z ila\u00e7 ve hastal\u0131\u011f\u0131n\u0131z var m\u0131? Daha \u00f6nce sa\u00e7 ektirdiniz mi? Son A\u015fama Sa\u00e7 d\u00f6k\u00fclmenizi nas\u0131l tan\u0131mlars\u0131n\u0131z? 1 2 3 4 Sakal EkimiGeri\u0130leri Daha \u00f6nce sa\u00e7 ektirdiniz mi? Evet Hay\u0131rGeri\u0130leri Kulland\u0131\u011f\u0131n\u0131z ila\u00e7 ve hastal\u0131\u011f\u0131n\u0131z var m\u0131? Geri\u0130leri Daha \u00f6nce sa\u00e7 ektirdiniz mi? En [&hellip;]<\/p>","protected":false},"author":4,"featured_media":0,"parent":0,"menu_order":0,"comment_status":"closed","ping_status":"closed","template":"elementor_canvas","meta":{"footnotes":""},"class_list":["post-2284","page","type-page","status-publish","hentry"],"_hostinger_reach_plugin_has_subscription_block":false,"_hostinger_reach_plugin_is_elementor":false,"_links":{"self":[{"href":"https:\/\/goldcityharicomeski.goldcitytest.com\/en\/wp-json\/wp\/v2\/pages\/2284","targetHints":{"allow":["GET"]}}],"collection":[{"href":"https:\/\/goldcityharicomeski.goldcitytest.com\/en\/wp-json\/wp\/v2\/pages"}],"about":[{"href":"https:\/\/goldcityharicomeski.goldcitytest.com\/en\/wp-json\/wp\/v2\/types\/page"}],"author":[{"embeddable":true,"href":"https:\/\/goldcityharicomeski.goldcitytest.com\/en\/wp-json\/wp\/v2\/users\/4"}],"replies":[{"embeddable":true,"href":"https:\/\/goldcityharicomeski.goldcitytest.com\/en\/wp-json\/wp\/v2\/comments?post=2284"}],"version-history":[{"count":47,"href":"https:\/\/goldcityharicomeski.goldcitytest.com\/en\/wp-json\/wp\/v2\/pages\/2284\/revisions"}],"predecessor-version":[{"id":2332,"href":"https:\/\/goldcityharicomeski.goldcitytest.com\/en\/wp-json\/wp\/v2\/pages\/2284\/revisions\/2332"}],"wp:attachment":[{"href":"https:\/\/goldcityharicomeski.goldcitytest.com\/en\/wp-json\/wp\/v2\/media?parent=2284"}],"curies":[{"name":"wp","href":"https:\/\/api.w.org\/{rel}","templated":true}]}}