{"id":666,"date":"2025-03-21T18:41:23","date_gmt":"2025-03-21T18:41:23","guid":{"rendered":"https:\/\/goldcityharicomeski.goldcitytest.com\/?page_id=666"},"modified":"2025-11-06T11:12:27","modified_gmt":"2025-11-06T08:12:27","slug":"gizlilik-politikasi","status":"publish","type":"page","link":"https:\/\/goldcityharicomeski.goldcitytest.com\/en\/gizlilik-politikasi\/","title":{"rendered":"Privacy Policy"},"content":{"rendered":"<div data-elementor-type=\"wp-page\" data-elementor-id=\"666\" class=\"elementor elementor-666\" data-elementor-post-type=\"page\">\n\t\t\t\t<div class=\"elementor-element elementor-element-947385b e-flex e-con-boxed e-con e-parent\" data-id=\"947385b\" data-element_type=\"container\" data-e-type=\"container\" data-settings=\"{&quot;background_background&quot;:&quot;classic&quot;}\">\n\t\t\t\t\t<div class=\"e-con-inner\">\n\t\t<div class=\"elementor-element elementor-element-de5affb e-con-full e-flex e-con e-child\" data-id=\"de5affb\" data-element_type=\"container\" data-e-type=\"container\">\n\t\t\t\t<div class=\"elementor-element elementor-element-c433211 elementor-widget elementor-widget-heading\" data-id=\"c433211\" data-element_type=\"widget\" data-e-type=\"widget\" data-widget_type=\"heading.default\">\n\t\t\t\t\t<h2 class=\"elementor-heading-title elementor-size-default\">Gold City Clinics\u00ae<br>\nPrivacy Policy<\/h2>\t\t\t\t<\/div>\n\t\t\t\t<div class=\"elementor-element elementor-element-5a85182 elementor-widget elementor-widget-ld_button\" data-id=\"5a85182\" data-element_type=\"widget\" data-e-type=\"widget\" data-widget_type=\"ld_button.default\">\n\t\t\t\t<div class=\"elementor-widget-container\">\n\t\t\t\t\t\n\t\t\t<a\n\t\t\t\thref=\"https:\/\/goldcityharicomeski.goldcitytest.com\/en\/iletisim\/\"class=\"elementor-button btn btn-solid btn-xsm btn-icon-shaped btn-has-label\"\t\t\t>\n\t\t\t\t\t\t\t\t\t<span data-text=\"H\u0131zl\u0131 Randevu Al\u0131n\" class=\"btn-txt\">\n\t\t\t\t\t\tMake An Appointment With Fast\t\t\t\t\t<\/span>\n\t\t\t\t\t\t\t\t\t\t\t<\/a>\n\t\t\t\t\t\t\t<\/div>\n\t\t\t\t<\/div>\n\t\t\t\t<\/div>\n\t\t<div class=\"elementor-element elementor-element-0f37d3b e-con-full e-flex e-con e-child\" data-id=\"0f37d3b\" data-element_type=\"container\" data-e-type=\"container\">\n\t\t\t\t<\/div>\n\t\t\t\t\t<\/div>\n\t\t\t\t<\/div>\n\t\t<div class=\"elementor-element elementor-element-400a1de e-flex e-con-boxed e-con e-parent\" data-id=\"400a1de\" data-element_type=\"container\" data-e-type=\"container\">\n\t\t\t\t\t<div class=\"e-con-inner\">\n\t\t\t\t<div class=\"elementor-element elementor-element-16abafd elementor-widget elementor-widget-heading\" data-id=\"16abafd\" data-element_type=\"widget\" data-e-type=\"widget\" data-widget_type=\"heading.default\">\n\t\t\t\t\t<h2 class=\"elementor-heading-title elementor-size-default\">Privacy Policy<\/h2>\t\t\t\t<\/div>\n\t\t\t\t<div class=\"elementor-element elementor-element-fc52e3b elementor-widget elementor-widget-text-editor\" data-id=\"fc52e3b\" data-element_type=\"widget\" data-e-type=\"widget\" data-widget_type=\"text-editor.default\">\n\t\t\t\t\t\t\t\t\t<p>Gold City Clinics (hereinafter \u201cwe\u201d, \u201cus\u201d or \u201cours\u201d) attaches great importance to the protection of your personal data. Your personal data this Privacy Statement how we collect, use, share, and describes how we protect our. This policy, the General Data Protection Regulation (AVG) and has been prepared in accordance with the laws of the Netherlands.<\/p>\n<p><b>Data We Collect<br><\/b>We may collect the following personal data in our hair, in the scope of services:<\/p>\n<p>Name<br>E-mail address<br>Phone number<br>Address<br>Medical history (medical information required for hair transplantation)<br>Other information obtained during the consultancy process<br>Purpose Of Data Processing<br>We use the collected personal data for the following purposes:<\/p>\n<p>Hair transplant inform you about our services.<br>Make an appointment and confirm it.<br>Provide customer service and support.<br>Follow medical advice and manage their processes.<br>Marketing activities (if allowed).<br>Data Sharing<br>We do not share your personal data with third parties only in the following circumstances:<\/p>\n<p>If it is necessary for the execution of our services (e.g., medical equipment suppliers).<br>Legally we need to share your data.<br><b>Data Security<br><\/b>We are taking appropriate technical and organisational measures to protect your personal data. Your data from unauthorized access, we are taking all necessary steps to protect from loss or misuse.<\/p>\n<p><b>Your rights<br><\/b>You have the following rights regarding your personal data:<\/p>\n<p>On demand access to your personal data.<br>Demand correction of incorrect or incomplete data.<br>To demand the deletion of your data under certain circumstances.<br>You don't object to the processing of your data.<br>Changes To This Privacy Statement<br>We reserve the right to occasionally update this Privacy Statement. There are significant changes when you visit our web site or via e-mail, we will notify you.<\/p>\n<p><b>Contact Information<br><\/b>If you have any questions about this Privacy Statement or if you want to view your personal data, you can contact us:<\/p>\n<p>E-mail: info@demo.yunusemresi.com.tr<\/p>\n<p>Phone: 010 808 3124<\/p>\t\t\t\t\t\t\t\t<\/div>\n\t\t\t\t\t<\/div>\n\t\t\t\t<\/div>\n\t\t\t\t<\/div>","protected":false},"excerpt":{"rendered":"<p>Gold City Clinics\u00ae Gizlilik Politikas\u0131 H\u0131zl\u0131 Randevu Al\u0131n Gizlilik Politikas\u0131 Gold City Clinics (bundan sonra \u201cbiz\u201d, \u201cbizim\u201d veya \u201cbizimki\u201d) ki\u015fisel verilerinizin korunmas\u0131na b\u00fcy\u00fck \u00f6nem vermektedir. Bu gizlilik bildirimi, ki\u015fisel verilerinizi nas\u0131l toplad\u0131\u011f\u0131m\u0131z\u0131, kulland\u0131\u011f\u0131m\u0131z\u0131, payla\u015ft\u0131\u011f\u0131m\u0131z\u0131 ve korudu\u011fumuzu a\u00e7\u0131klamaktad\u0131r. Bu politika, Genel Veri Koruma Y\u00f6netmeli\u011fi (AVG) ve Hollanda yasalar\u0131yla uyumlu olarak haz\u0131rlanm\u0131\u015ft\u0131r. Toplad\u0131\u011f\u0131m\u0131z VerilerSa\u00e7 ekimi hizmetlerimiz kapsam\u0131nda [&hellip;]<\/p>","protected":false},"author":1,"featured_media":0,"parent":0,"menu_order":0,"comment_status":"closed","ping_status":"closed","template":"","meta":{"footnotes":""},"class_list":["post-666","page","type-page","status-publish","hentry"],"_hostinger_reach_plugin_has_subscription_block":false,"_hostinger_reach_plugin_is_elementor":false,"_links":{"self":[{"href":"https:\/\/goldcityharicomeski.goldcitytest.com\/en\/wp-json\/wp\/v2\/pages\/666","targetHints":{"allow":["GET"]}}],"collection":[{"href":"https:\/\/goldcityharicomeski.goldcitytest.com\/en\/wp-json\/wp\/v2\/pages"}],"about":[{"href":"https:\/\/goldcityharicomeski.goldcitytest.com\/en\/wp-json\/wp\/v2\/types\/page"}],"author":[{"embeddable":true,"href":"https:\/\/goldcityharicomeski.goldcitytest.com\/en\/wp-json\/wp\/v2\/users\/1"}],"replies":[{"embeddable":true,"href":"https:\/\/goldcityharicomeski.goldcitytest.com\/en\/wp-json\/wp\/v2\/comments?post=666"}],"version-history":[{"count":11,"href":"https:\/\/goldcityharicomeski.goldcitytest.com\/en\/wp-json\/wp\/v2\/pages\/666\/revisions"}],"predecessor-version":[{"id":1870,"href":"https:\/\/goldcityharicomeski.goldcitytest.com\/en\/wp-json\/wp\/v2\/pages\/666\/revisions\/1870"}],"wp:attachment":[{"href":"https:\/\/goldcityharicomeski.goldcitytest.com\/en\/wp-json\/wp\/v2\/media?parent=666"}],"curies":[{"name":"wp","href":"https:\/\/api.w.org\/{rel}","templated":true}]}}