{"id":670,"date":"2025-03-21T18:41:46","date_gmt":"2025-03-21T18:41:46","guid":{"rendered":"https:\/\/goldcityharicomeski.goldcitytest.com\/?page_id=670"},"modified":"2025-04-09T12:47:55","modified_gmt":"2025-04-09T09:47:55","slug":"kariyer","status":"publish","type":"page","link":"https:\/\/goldcityharicomeski.goldcitytest.com\/en\/kariyer\/","title":{"rendered":"Career"},"content":{"rendered":"<div data-elementor-type=\"wp-page\" data-elementor-id=\"670\" class=\"elementor elementor-670\" data-elementor-post-type=\"page\">\n\t\t\t\t<div class=\"elementor-element elementor-element-92abeee e-flex e-con-boxed e-con e-parent\" data-id=\"92abeee\" data-element_type=\"container\" data-e-type=\"container\" data-settings=\"{&quot;background_background&quot;:&quot;classic&quot;}\">\n\t\t\t\t\t<div class=\"e-con-inner\">\n\t\t<div class=\"elementor-element elementor-element-f8dc14f e-con-full e-flex e-con e-child\" data-id=\"f8dc14f\" data-element_type=\"container\" data-e-type=\"container\">\n\t\t\t\t<div class=\"elementor-element elementor-element-34085ab elementor-widget elementor-widget-heading\" data-id=\"34085ab\" data-element_type=\"widget\" data-e-type=\"widget\" data-widget_type=\"heading.default\">\n\t\t\t\t\t<h2 class=\"elementor-heading-title elementor-size-default\">Gold City Clinics\u00ae\n\n<\/h2>\t\t\t\t<\/div>\n\t\t\t\t<div class=\"elementor-element elementor-element-51ad413 elementor-widget elementor-widget-text-editor\" data-id=\"51ad413\" data-element_type=\"widget\" data-e-type=\"widget\" data-widget_type=\"text-editor.default\">\n\t\t\t\t\t\t\t\t\tOur Job Posting\t\t\t\t\t\t\t\t<\/div>\n\t\t\t\t<div class=\"elementor-element elementor-element-96322de elementor-widget elementor-widget-ld_button\" data-id=\"96322de\" data-element_type=\"widget\" data-e-type=\"widget\" data-widget_type=\"ld_button.default\">\n\t\t\t\t<div class=\"elementor-widget-container\">\n\t\t\t\t\t\n\t\t\t<a\n\t\t\t\thref=\"https:\/\/goldcityharicomeski.goldcitytest.com\/en\/iletisim\/\"class=\"elementor-button btn btn-solid btn-xsm btn-icon-shaped btn-has-label\"\t\t\t>\n\t\t\t\t\t\t\t\t\t<span data-text=\"Randevunuzu kolayca olu\u015fturun!\" class=\"btn-txt\">\n\t\t\t\t\t\tEasily create your appointment!\t\t\t\t\t<\/span>\n\t\t\t\t\t\t\t\t\t\t\t<\/a>\n\t\t\t\t\t\t\t<\/div>\n\t\t\t\t<\/div>\n\t\t\t\t<\/div>\n\t\t<div class=\"elementor-element elementor-element-a1e7eac e-con-full e-flex e-con e-child\" data-id=\"a1e7eac\" data-element_type=\"container\" data-e-type=\"container\">\n\t\t\t\t<\/div>\n\t\t\t\t\t<\/div>\n\t\t\t\t<\/div>\n\t\t<div class=\"elementor-element elementor-element-f886306 e-flex e-con-boxed e-con e-parent\" data-id=\"f886306\" data-element_type=\"container\" data-e-type=\"container\">\n\t\t\t\t\t<div class=\"e-con-inner\">\n\t\t\t\t<div class=\"elementor-element elementor-element-899cb60 elementor-widget elementor-widget-heading\" data-id=\"899cb60\" data-element_type=\"widget\" data-e-type=\"widget\" data-widget_type=\"heading.default\">\n\t\t\t\t\t<h2 class=\"elementor-heading-title elementor-size-default\">Our Job Posting\n<\/h2>\t\t\t\t<\/div>\n\t\t\t\t<div class=\"elementor-element elementor-element-c31886b elementor-widget elementor-widget-heading\" data-id=\"c31886b\" data-element_type=\"widget\" data-e-type=\"widget\" data-widget_type=\"heading.default\">\n\t\t\t\t\t<h2 class=\"elementor-heading-title elementor-size-default\">Below you can find clinics job postings for City of gold.\n<\/h2>\t\t\t\t<\/div>\n\t\t\t\t<div class=\"elementor-element elementor-element-f402c13 elementor-widget elementor-widget-text-editor\" data-id=\"f402c13\" data-element_type=\"widget\" data-e-type=\"widget\" data-widget_type=\"text-editor.default\">\n\t\t\t\t\t\t\t\t\t<p>Open your references\u00a0<a href=\"mailto:info@goldcityclinics.com\" target=\"_blank\" rel=\"noopener\">info@goldcityclinics.com<\/a>\u00a0you can send to this address.<\/p>\t\t\t\t\t\t\t\t<\/div>\n\t\t\t\t\t<\/div>\n\t\t\t\t<\/div>\n\t\t\t\t<\/div>","protected":false},"excerpt":{"rendered":"<p>Gold City Clinics\u00ae \u0130\u015f \u0130lanlar\u0131m\u0131z Randevunuzu kolayca olu\u015fturun! \u0130\u015f \u0130lanlar\u0131m\u0131z A\u015fa\u011f\u0131da Gold City Clinics\u2019in i\u015f ilanlar\u0131n\u0131 bulabilirsiniz. A\u00e7\u0131k ba\u015fvurular\u0131n\u0131z\u0131\u00a0info@goldcityclinics.com\u00a0adresine g\u00f6nderebilirsiniz.<\/p>","protected":false},"author":1,"featured_media":0,"parent":0,"menu_order":0,"comment_status":"closed","ping_status":"closed","template":"","meta":{"footnotes":""},"class_list":["post-670","page","type-page","status-publish","hentry"],"_hostinger_reach_plugin_has_subscription_block":false,"_hostinger_reach_plugin_is_elementor":false,"_links":{"self":[{"href":"https:\/\/goldcityharicomeski.goldcitytest.com\/en\/wp-json\/wp\/v2\/pages\/670","targetHints":{"allow":["GET"]}}],"collection":[{"href":"https:\/\/goldcityharicomeski.goldcitytest.com\/en\/wp-json\/wp\/v2\/pages"}],"about":[{"href":"https:\/\/goldcityharicomeski.goldcitytest.com\/en\/wp-json\/wp\/v2\/types\/page"}],"author":[{"embeddable":true,"href":"https:\/\/goldcityharicomeski.goldcitytest.com\/en\/wp-json\/wp\/v2\/users\/1"}],"replies":[{"embeddable":true,"href":"https:\/\/goldcityharicomeski.goldcitytest.com\/en\/wp-json\/wp\/v2\/comments?post=670"}],"version-history":[{"count":11,"href":"https:\/\/goldcityharicomeski.goldcitytest.com\/en\/wp-json\/wp\/v2\/pages\/670\/revisions"}],"predecessor-version":[{"id":1863,"href":"https:\/\/goldcityharicomeski.goldcitytest.com\/en\/wp-json\/wp\/v2\/pages\/670\/revisions\/1863"}],"wp:attachment":[{"href":"https:\/\/goldcityharicomeski.goldcitytest.com\/en\/wp-json\/wp\/v2\/media?parent=670"}],"curies":[{"name":"wp","href":"https:\/\/api.w.org\/{rel}","templated":true}]}}